{"id":3,"date":"2022-04-20T04:14:19","date_gmt":"2022-04-20T04:14:19","guid":{"rendered":"https:\/\/www.mmcard.online\/?page_id=3"},"modified":"2022-04-20T19:10:08","modified_gmt":"2022-04-20T19:10:08","slug":"gizlilik-politikasi","status":"publish","type":"page","link":"https:\/\/www.mmcard.online\/homepage\/gizlilik-politikasi\/","title":{"rendered":"Gizlilik Politikas\u0131"},"content":{"rendered":"\n<p>Ma\u011fazam\u0131zda \u00f6deme i\u015flemi s\u0131ras\u0131nda sizinle ilgili bilgileri topluyoruz.<\/p>\n\n\n\n<p><strong>Neleri toplar ve saklar\u0131z?<\/strong><\/p>\n\n\n\n<p>Siz sitemizi ziyaret ederken, biz \u015funlar\u0131 izleriz;<\/p>\n\n\n\n<ul><li><strong>G\u00f6r\u00fcnt\u00fcledi\u011finiz \u00fcr\u00fcnler:<\/strong> \u00d6rne\u011fin, en son g\u00f6r\u00fcnt\u00fcledi\u011finiz \u00fcr\u00fcnleri g\u00f6stermek i\u00e7in bunu kullan\u0131r\u0131z<\/li><li><strong>Yer, IP adresi ve taray\u0131c\u0131 t\u00fcr\u00fc:<\/strong> Vergi ve g\u00f6nderim tahmini gibi ama\u00e7lar i\u00e7in bunu kullan\u0131r\u0131z<\/li><li><strong>G\u00f6nderim adresi:<\/strong> Bunu girmenizi talep ederiz, b\u00f6ylece sipari\u015f vermeden \u00f6nce nakliye i\u015flemini tahmin edebilir ve sipari\u015finizi g\u00f6nderebiliriz!<\/li><\/ul>\n\n\n\n<p>Siz sitemize g\u00f6z atarken, al\u0131\u015fveri\u015f sepeti i\u00e7eri\u011fini takip etmek i\u00e7in \u00e7erezleri (tan\u0131mlama bilgilerini) de kullanaca\u011f\u0131z.<\/p>\n\n\n\n<p><strong>Bizden bir \u015fey sat\u0131n ald\u0131\u011f\u0131n\u0131zda, ad\u0131n\u0131z\u0131, fatura adresinizi, g\u00f6nderim adresinizi, e-posta adresinizi, telefon numaran\u0131z\u0131, kredi kart\u0131 \/ \u00f6deme ayr\u0131nt\u0131lar\u0131n\u0131z\u0131 ve kullan\u0131c\u0131 ad\u0131 ve \u015fifre gibi iste\u011fe ba\u011fl\u0131 hesap bilgilerini i\u00e7eren bilgileri vermenizi talep ederiz. Bu bilgileri \u015fu gibi ama\u00e7larla kullan\u0131r\u0131z:<\/strong><\/p>\n\n\n\n<ul><li>Hesab\u0131n\u0131z ve sipari\u015finiz hakk\u0131nda size bilgi g\u00f6ndermek<\/li><li>Geri \u00f6demeler ve \u015fikayetler dahil olmak \u00fczere isteklerinizi yan\u0131tlamak<\/li><li>\u00d6demeleri i\u015flemek ve sahtecili\u011fi \u00f6nlemek<\/li><li>Ma\u011fazam\u0131z i\u00e7in hesab\u0131n\u0131z\u0131 olu\u015fturmak<\/li><li>Fatura kesmek gibi yasal y\u00fck\u00fcml\u00fcl\u00fckleri yerine getirmek<\/li><li>Ma\u011faza tekliflerimizi iyile\u015ftirmek<\/li><li>Almay\u0131 se\u00e7erseniz size reklam ve promosyon mesajlar\u0131 g\u00f6ndermek<\/li><\/ul>\n\n\n\n<p><strong>Bir hesap olu\u015fturursan\u0131z, ad\u0131n\u0131z\u0131, adresinizi, e-postan\u0131z\u0131 ve telefon numaran\u0131z\u0131 saklayaca\u011f\u0131z. Bu bilgiler, gelecekteki sipari\u015fler i\u00e7in \u00f6deme yapmak istedi\u011finizde kullan\u0131lacakt\u0131r. Sizinle ilgili bilgileri ihtiya\u00e7 duydu\u011fumuz s\u00fcrece ve yasal s\u00fcre boyunca saklar\u0131z. \u00d6rne\u011fin, vergi ve muhasebe ama\u00e7lar\u0131 i\u00e7in XXX y\u0131ll\u0131k sipari\u015f bilgilerini saklayaca\u011f\u0131z. Bu, ad\u0131n\u0131z\u0131, e-posta adresinizi, fatura ve g\u00f6nderim adreslerini i\u00e7erir.<\/strong><\/p>\n\n\n\n<p><strong>Ekibimizde eri\u015fimi olanlar<\/strong><\/p>\n\n\n\n<p>Ekibimizin \u00fcyeleri bize sa\u011flad\u0131\u011f\u0131n\u0131z bilgilere eri\u015febilir. \u00d6rne\u011fin, hem Y\u00f6neticiler hem de Ma\u011faza Y\u00f6neticileri \u015funlara eri\u015febilir:<\/p>\n\n\n\n<ul><li>Neyin, ne zaman sat\u0131n al\u0131nd\u0131\u011f\u0131 ve nereye g\u00f6nderilmesi gerekti\u011fi gibi sipari\u015f bilgileri ve<\/li><li>Ad\u0131n\u0131z, e-posta adresiniz, fatura ve g\u00f6nderim bilgileriniz gibi m\u00fc\u015fteri bilgileri.<\/li><li>Ekip \u00fcyelerimiz, sipari\u015fleri ger\u00e7ekle\u015ftirmek, geri \u00f6deme i\u015flemlerini y\u00fcr\u00fctmek ve size yard\u0131mc\u0131 olmak i\u00e7in bu bilgilere eri\u015febilir.<\/li><\/ul>\n\n\n\n<p><strong>Ba\u015fkalar\u0131yla neler payla\u015f\u0131yoruz?<\/strong><\/p>\n\n\n\n<p>Sipari\u015fleri ve ma\u011faza hizmetlerini size vermemize yard\u0131mc\u0131 olan \u00fc\u00e7\u00fcnc\u00fc taraflarla bilgi payla\u015f\u0131yoruz;<\/p>\n\n\n\n<ul><li> Sipari\u015finizi size teslim edebilmek i\u00e7in anla\u015fmal\u0131 oldu\u011fumuz kargo \u015firketi ile adres bilginizi, \u00f6deme ald\u0131\u011f\u0131m\u0131z banka ve\/veya kurulu\u015f(lar) ile yapaca\u011f\u0131n\u0131z \u00f6demenin ger\u00e7ekle\u015febilmesi i\u00e7in fatura bilgilerinden gerekli olanlar\u0131 payla\u015f\u0131yoruz.<\/li><\/ul>\n","protected":false},"excerpt":{"rendered":"<p>Ma\u011fazam\u0131zda \u00f6deme i\u015flemi s\u0131ras\u0131nda sizinle ilgili bilgileri topluyoruz. Neleri toplar ve saklar\u0131z? Siz sitemizi ziyaret ederken, biz \u015funlar\u0131 izleriz; G\u00f6r\u00fcnt\u00fcledi\u011finiz \u00fcr\u00fcnler: \u00d6rne\u011fin, en son g\u00f6r\u00fcnt\u00fcledi\u011finiz \u00fcr\u00fcnleri g\u00f6stermek i\u00e7in bunu kullan\u0131r\u0131z Yer, IP adresi ve taray\u0131c\u0131 t\u00fcr\u00fc: Vergi ve g\u00f6nderim tahmini gibi ama\u00e7lar i\u00e7in bunu kullan\u0131r\u0131z G\u00f6nderim adresi: Bunu girmenizi talep ederiz, b\u00f6ylece sipari\u015f vermeden \u00f6nce &hellip; <a href=\"https:\/\/www.mmcard.online\/homepage\/gizlilik-politikasi\/\" class=\"more-link\">Continue reading <span class=\"screen-reader-text\">Gizlilik Politikas\u0131<\/span><\/a><\/p>\n","protected":false},"author":1,"featured_media":0,"parent":0,"menu_order":0,"comment_status":"closed","ping_status":"closed","template":"","meta":{"footnotes":"","_joinchat":[]},"jetpack_sharing_enabled":true,"_links":{"self":[{"href":"https:\/\/www.mmcard.online\/homepage\/wp-json\/wp\/v2\/pages\/3"}],"collection":[{"href":"https:\/\/www.mmcard.online\/homepage\/wp-json\/wp\/v2\/pages"}],"about":[{"href":"https:\/\/www.mmcard.online\/homepage\/wp-json\/wp\/v2\/types\/page"}],"author":[{"embeddable":true,"href":"https:\/\/www.mmcard.online\/homepage\/wp-json\/wp\/v2\/users\/1"}],"replies":[{"embeddable":true,"href":"https:\/\/www.mmcard.online\/homepage\/wp-json\/wp\/v2\/comments?post=3"}],"version-history":[{"count":3,"href":"https:\/\/www.mmcard.online\/homepage\/wp-json\/wp\/v2\/pages\/3\/revisions"}],"predecessor-version":[{"id":3111,"href":"https:\/\/www.mmcard.online\/homepage\/wp-json\/wp\/v2\/pages\/3\/revisions\/3111"}],"wp:attachment":[{"href":"https:\/\/www.mmcard.online\/homepage\/wp-json\/wp\/v2\/media?parent=3"}],"curies":[{"name":"wp","href":"https:\/\/api.w.org\/{rel}","templated":true}]}}